{"id":20379,"date":"2020-03-10T16:48:53","date_gmt":"2020-03-10T15:48:53","guid":{"rendered":"http:\/\/jouiversaire.com\/?page_id=20379"},"modified":"2020-04-09T21:15:41","modified_gmt":"2020-04-09T19:15:41","slug":"usages-numeriques","status":"publish","type":"page","link":"http:\/\/www.solypse.com\/en\/usages-numeriques\/","title":{"rendered":"Usages numeriques"},"content":{"rendered":"<div data-elementor-type=\"wp-page\" data-elementor-id=\"20379\" class=\"elementor elementor-20379\" data-elementor-post-type=\"page\">\n\t\t\t\t\t\t<section class=\"elementor-section elementor-top-section elementor-element elementor-element-4b157c25 elementor-section-height-min-height elementor-section-content-middle elementor-section-boxed elementor-section-height-default elementor-section-items-middle\" data-id=\"4b157c25\" data-element_type=\"section\" data-settings=\"{&quot;background_background&quot;:&quot;classic&quot;}\">\n\t\t\t\t\t\t<div class=\"elementor-container elementor-column-gap-no\">\n\t\t\t\t\t<div class=\"elementor-column elementor-col-100 elementor-top-column elementor-element elementor-element-245c129a\" data-id=\"245c129a\" data-element_type=\"column\" data-settings=\"{&quot;background_background&quot;:&quot;none&quot;}\">\n\t\t\t<div class=\"elementor-widget-wrap elementor-element-populated\">\n\t\t\t\t\t\t<section class=\"elementor-section elementor-inner-section elementor-element elementor-element-2ae19047 elementor-section-height-min-height elementor-section-content-middle elementor-section-boxed elementor-section-height-default\" data-id=\"2ae19047\" data-element_type=\"section\">\n\t\t\t\t\t\t<div class=\"elementor-container elementor-column-gap-default\">\n\t\t\t\t\t<div class=\"elementor-column elementor-col-50 elementor-inner-column elementor-element elementor-element-95494a9\" data-id=\"95494a9\" data-element_type=\"column\" data-settings=\"{&quot;background_background&quot;:&quot;classic&quot;}\">\n\t\t\t<div class=\"elementor-widget-wrap elementor-element-populated\">\n\t\t\t\t\t\t<div class=\"elementor-element elementor-element-a280d0d elementor-widget elementor-widget-heading\" data-id=\"a280d0d\" data-element_type=\"widget\" data-widget_type=\"heading.default\">\n\t\t\t\t<div class=\"elementor-widget-container\">\n\t\t\t\t\t<h2 class=\"elementor-heading-title elementor-size-default\">FLAIR.<\/h2>\t\t\t\t<\/div>\n\t\t\t\t<\/div>\n\t\t\t\t<div class=\"elementor-element elementor-element-68e9a1e elementor-widget elementor-widget-text-editor\" data-id=\"68e9a1e\" data-element_type=\"widget\" data-widget_type=\"text-editor.default\">\n\t\t\t\t<div class=\"elementor-widget-container\">\n\t\t\t\t\t\t\t\t\t<p>Our database of multi-sector and multi-business use cases that speeds up your next digital project.<\/p>\t\t\t\t\t\t\t\t<\/div>\n\t\t\t\t<\/div>\n\t\t\t\t<div class=\"elementor-element elementor-element-5e810e5 elementor-widget elementor-widget-text-editor\" data-id=\"5e810e5\" data-element_type=\"widget\" data-widget_type=\"text-editor.default\">\n\t\t\t\t<div class=\"elementor-widget-container\">\n\t\t\t\t\t\t\t\t\t<p><strong>Access restricted to members.\u00a0<\/strong><\/p>\t\t\t\t\t\t\t\t<\/div>\n\t\t\t\t<\/div>\n\t\t\t\t<div class=\"elementor-element elementor-element-d28b7b1 elementor-widget elementor-widget-text-editor\" data-id=\"d28b7b1\" data-element_type=\"widget\" data-widget_type=\"text-editor.default\">\n\t\t\t\t<div class=\"elementor-widget-container\">\n\t\t\t\t\t\t\t\t\t<p>Contact us for more detailed information.<\/p>\t\t\t\t\t\t\t\t<\/div>\n\t\t\t\t<\/div>\n\t\t\t\t<div class=\"elementor-element elementor-element-6dba841e elementor-widget elementor-widget-spacer\" data-id=\"6dba841e\" data-element_type=\"widget\" data-widget_type=\"spacer.default\">\n\t\t\t\t<div class=\"elementor-widget-container\">\n\t\t\t\t\t\t\t<div class=\"elementor-spacer\">\n\t\t\t<div class=\"elementor-spacer-inner\"><\/div>\n\t\t<\/div>\n\t\t\t\t\t\t<\/div>\n\t\t\t\t<\/div>\n\t\t\t\t\t<\/div>\n\t\t<\/div>\n\t\t\t\t<div class=\"elementor-column elementor-col-50 elementor-inner-column elementor-element elementor-element-260720a0\" data-id=\"260720a0\" data-element_type=\"column\" data-settings=\"{&quot;background_background&quot;:&quot;slideshow&quot;,&quot;background_slideshow_gallery&quot;:[{&quot;id&quot;:20204,&quot;url&quot;:&quot;https:\\\/\\\/www.solypse.com\\\/wp-content\\\/uploads\\\/layerslider\\\/202002-Homepage-Layer\\\/aziz-acharki-290990-scaled.jpg&quot;}],&quot;background_slideshow_loop&quot;:&quot;yes&quot;,&quot;background_slideshow_slide_duration&quot;:5000,&quot;background_slideshow_slide_transition&quot;:&quot;fade&quot;,&quot;background_slideshow_transition_duration&quot;:500}\">\n\t\t\t<div class=\"elementor-widget-wrap elementor-element-populated\">\n\t\t\t\t\t\t<div class=\"elementor-element elementor-element-25a17625 elementor-button-align-stretch elementor-widget elementor-widget-login\" data-id=\"25a17625\" data-element_type=\"widget\" data-widget_type=\"login.default\">\n\t\t\t\t<div class=\"elementor-widget-container\">\n\t\t\t\t\t\t\t<form class=\"elementor-login elementor-form\" method=\"post\" action=\"https:\/\/www.solypse.com\/wp-login.php\" aria-label=\"Login form\">\n\t\t\t<input type=\"hidden\" name=\"redirect_to\" value=\"\/en\/wp-json\/wp\/v2\/pages\/20379\">\n\t\t\t<div class=\"elementor-form-fields-wrapper\">\n\t\t\t\t<div class=\"elementor-field-type-text elementor-field-group elementor-column elementor-col-100 elementor-field-required\">\n\t\t\t\t\t<label for=\"user-25a17625\" class=\"elementor-field-label elementor-screen-only\"> Username or Email Address<\/label>\n\t\t\t\t\t<input size=\"1\" type=\"text\" name=\"log\" id=\"user-25a17625\" placeholder=\"Email\" class=\"elementor-field elementor-field-textual elementor-size-sm\">\n\t\t\t\t<\/div>\n\t\t\t\t<div class=\"elementor-field-type-text elementor-field-group elementor-column elementor-col-100 elementor-field-required\">\n\t\t\t\t\t<label for=\"password-25a17625\" class=\"elementor-field-label elementor-screen-only\">Password<\/label>\n\t\t\t\t\t<input size=\"1\" type=\"password\" name=\"pwd\" id=\"password-25a17625\" placeholder=\"Mot de passe\" class=\"elementor-field elementor-field-textual elementor-size-sm\">\n\t\t\t\t<\/div>\n\n\t\t\t\t\n\t\t\t\t<div class=\"elementor-field-group elementor-column elementor-field-type-submit elementor-col-100\">\n\t\t\t\t\t<button type=\"submit\" class=\"elementor-size-sm elementor-animation-pop elementor-button\" name=\"wp-submit\">\n\t\t\t\t\t\t\t\t\t\t\t\t\t\t\t<span class=\"elementor-button-text\">Log In<\/span>\n\t\t\t\t\t\t\t\t\t\t\t\t<\/button>\n\t\t\t\t<\/div>\n\n\t\t\t\t\t\t\t\t\t<div class=\"elementor-field-group elementor-column elementor-col-100\">\n\t\t\t\t\t\t\t\t\t\t\t\t\t\t\t\t\t\t\t\t<a class=\"elementor-lost-password\" href=\"https:\/\/www.solypse.com\/wp-login.php?action=lostpassword&redirect_to=%2Fen%2Fwp-json%2Fwp%2Fv2%2Fpages%2F20379\">\n\t\t\t\t\t\t\t\tLost your password?\t\t\t\t\t\t\t<\/a>\n\t\t\t\t\t\t\n\t\t\t\t\t\t\t\t\t\t\t<\/div>\n\t\t\t\t\t\t\t<\/div>\n\t\t<\/form>\n\t\t\t\t\t\t<\/div>\n\t\t\t\t<\/div>\n\t\t\t\t\t<\/div>\n\t\t<\/div>\n\t\t\t\t\t<\/div>\n\t\t<\/section>\n\t\t\t\t<div class=\"elementor-element elementor-element-422237b elementor-widget elementor-widget-spacer\" data-id=\"422237b\" data-element_type=\"widget\" data-widget_type=\"spacer.default\">\n\t\t\t\t<div class=\"elementor-widget-container\">\n\t\t\t\t\t\t\t<div class=\"elementor-spacer\">\n\t\t\t<div class=\"elementor-spacer-inner\"><\/div>\n\t\t<\/div>\n\t\t\t\t\t\t<\/div>\n\t\t\t\t<\/div>\n\t\t\t\t\t<\/div>\n\t\t<\/div>\n\t\t\t\t\t<\/div>\n\t\t<\/section>\n\t\t\t\t<\/div>","protected":false},"excerpt":{"rendered":"<p>FLAIR. Notre&nbsp; base de cas d\u2019usage multi-secteurs et multi-m\u00e9tiers pour mieux&nbsp;vous projeter et acc\u00e9l\u00e9rer l\u2019adoption de votre futur projet ! Acc\u00e8s r\u00e9serv\u00e9 aux membres de notre communaut\u00e9.&nbsp; Contactez-nous pour obtenir plus d&rsquo;informations.<\/p>","protected":false},"author":1,"featured_media":0,"parent":0,"menu_order":0,"comment_status":"closed","ping_status":"closed","template":"","meta":{"footnotes":""},"class_list":["post-20379","page","type-page","status-publish","hentry"],"yoast_head":"<!-- This site is optimized with the Yoast SEO plugin v26.0 - https:\/\/yoast.com\/wordpress\/plugins\/seo\/ -->\n<title>Usages numeriques - Solypse<\/title>\n<meta name=\"description\" content=\"Notre base de cas d\u2019usage multi-secteurs et multi-m\u00e9tiers pour mieux vous projeter et acc\u00e9l\u00e9rer l\u2019adoption de votre futur projet !\" \/>\n<meta name=\"robots\" content=\"index, follow, max-snippet:-1, max-image-preview:large, max-video-preview:-1\" \/>\n<link rel=\"canonical\" href=\"https:\/\/www.solypse.com\/en\/usages-numeriques\/\" \/>\n<meta property=\"og:locale\" content=\"en_US\" \/>\n<meta property=\"og:type\" content=\"article\" \/>\n<meta property=\"og:title\" content=\"Usages numeriques - Solypse\" \/>\n<meta property=\"og:description\" content=\"Notre base de cas d\u2019usage multi-secteurs et multi-m\u00e9tiers pour mieux vous projeter et acc\u00e9l\u00e9rer l\u2019adoption de votre futur projet !\" \/>\n<meta property=\"og:url\" content=\"https:\/\/www.solypse.com\/en\/usages-numeriques\/\" \/>\n<meta property=\"og:site_name\" content=\"Solypse\" \/>\n<meta property=\"article:modified_time\" content=\"2020-04-09T19:15:41+00:00\" \/>\n<meta name=\"twitter:card\" content=\"summary_large_image\" \/>\n<script type=\"application\/ld+json\" class=\"yoast-schema-graph\">{\"@context\":\"https:\/\/schema.org\",\"@graph\":[{\"@type\":\"WebPage\",\"@id\":\"https:\/\/www.solypse.com\/usages-numeriques\/\",\"url\":\"https:\/\/www.solypse.com\/usages-numeriques\/\",\"name\":\"Usages numeriques - Solypse\",\"isPartOf\":{\"@id\":\"https:\/\/www.solypse.com\/#website\"},\"datePublished\":\"2020-03-10T15:48:53+00:00\",\"dateModified\":\"2020-04-09T19:15:41+00:00\",\"description\":\"Notre base de cas d\u2019usage multi-secteurs et multi-m\u00e9tiers pour mieux vous projeter et acc\u00e9l\u00e9rer l\u2019adoption de votre futur projet !\",\"breadcrumb\":{\"@id\":\"https:\/\/www.solypse.com\/usages-numeriques\/#breadcrumb\"},\"inLanguage\":\"en-US\",\"potentialAction\":[{\"@type\":\"ReadAction\",\"target\":[\"https:\/\/www.solypse.com\/usages-numeriques\/\"]}]},{\"@type\":\"BreadcrumbList\",\"@id\":\"https:\/\/www.solypse.com\/usages-numeriques\/#breadcrumb\",\"itemListElement\":[{\"@type\":\"ListItem\",\"position\":1,\"name\":\"Home\",\"item\":\"https:\/\/www.solypse.com\/\"},{\"@type\":\"ListItem\",\"position\":2,\"name\":\"Usages numeriques\"}]},{\"@type\":\"WebSite\",\"@id\":\"https:\/\/www.solypse.com\/#website\",\"url\":\"https:\/\/www.solypse.com\/\",\"name\":\"Solypse\",\"description\":\"Architecting growth through technology\",\"publisher\":{\"@id\":\"https:\/\/www.solypse.com\/#organization\"},\"potentialAction\":[{\"@type\":\"SearchAction\",\"target\":{\"@type\":\"EntryPoint\",\"urlTemplate\":\"https:\/\/www.solypse.com\/?s={search_term_string}\"},\"query-input\":{\"@type\":\"PropertyValueSpecification\",\"valueRequired\":true,\"valueName\":\"search_term_string\"}}],\"inLanguage\":\"en-US\"},{\"@type\":\"Organization\",\"@id\":\"https:\/\/www.solypse.com\/#organization\",\"name\":\"Solypse\",\"url\":\"https:\/\/www.solypse.com\/\",\"logo\":{\"@type\":\"ImageObject\",\"inLanguage\":\"en-US\",\"@id\":\"https:\/\/www.solypse.com\/#\/schema\/logo\/image\/\",\"url\":\"https:\/\/www.solypse.com\/wp-content\/uploads\/2015\/06\/LOGO_SOLYPSE_BLANC.png\",\"contentUrl\":\"https:\/\/www.solypse.com\/wp-content\/uploads\/2015\/06\/LOGO_SOLYPSE_BLANC.png\",\"width\":319,\"height\":136,\"caption\":\"Solypse\"},\"image\":{\"@id\":\"https:\/\/www.solypse.com\/#\/schema\/logo\/image\/\"}}]}<\/script>\n<!-- \/ Yoast SEO plugin. -->","yoast_head_json":{"title":"Solypse digital use cases","description":"Our database of multi-sector and multi-business use cases helps you better plan your next idea and accelerate its adoption !","robots":{"index":"index","follow":"follow","max-snippet":"max-snippet:-1","max-image-preview":"max-image-preview:large","max-video-preview":"max-video-preview:-1"},"canonical":"https:\/\/www.solypse.com\/en\/usages-numeriques\/","og_locale":"en_US","og_type":"article","og_title":"Usages numeriques - Solypse","og_description":"Notre base de cas d\u2019usage multi-secteurs et multi-m\u00e9tiers pour mieux vous projeter et acc\u00e9l\u00e9rer l\u2019adoption de votre futur projet !","og_url":"https:\/\/www.solypse.com\/en\/usages-numeriques\/","og_site_name":"Solypse","article_modified_time":"2020-04-09T19:15:41+00:00","twitter_card":"summary_large_image","schema":{"@context":"https:\/\/schema.org","@graph":[{"@type":"WebPage","@id":"https:\/\/www.solypse.com\/usages-numeriques\/","url":"https:\/\/www.solypse.com\/usages-numeriques\/","name":"Solypse digital use cases","isPartOf":{"@id":"https:\/\/www.solypse.com\/#website"},"datePublished":"2020-03-10T15:48:53+00:00","dateModified":"2020-04-09T19:15:41+00:00","description":"Our database of multi-sector and multi-business use cases helps you better plan your next idea and accelerate its adoption !","breadcrumb":{"@id":"https:\/\/www.solypse.com\/usages-numeriques\/#breadcrumb"},"inLanguage":"en-US","potentialAction":[{"@type":"ReadAction","target":["https:\/\/www.solypse.com\/usages-numeriques\/"]}]},{"@type":"BreadcrumbList","@id":"https:\/\/www.solypse.com\/usages-numeriques\/#breadcrumb","itemListElement":[{"@type":"ListItem","position":1,"name":"Home","item":"https:\/\/www.solypse.com\/"},{"@type":"ListItem","position":2,"name":"Usages numeriques"}]},{"@type":"WebSite","@id":"https:\/\/www.solypse.com\/#website","url":"https:\/\/www.solypse.com\/","name":"Solypse","description":"Architecting growth through technology","publisher":{"@id":"https:\/\/www.solypse.com\/#organization"},"potentialAction":[{"@type":"SearchAction","target":{"@type":"EntryPoint","urlTemplate":"https:\/\/www.solypse.com\/?s={search_term_string}"},"query-input":{"@type":"PropertyValueSpecification","valueRequired":true,"valueName":"search_term_string"}}],"inLanguage":"en-US"},{"@type":"Organization","@id":"https:\/\/www.solypse.com\/#organization","name":"Solypse","url":"https:\/\/www.solypse.com\/","logo":{"@type":"ImageObject","inLanguage":"en-US","@id":"https:\/\/www.solypse.com\/#\/schema\/logo\/image\/","url":"https:\/\/www.solypse.com\/wp-content\/uploads\/2015\/06\/LOGO_SOLYPSE_BLANC.png","contentUrl":"https:\/\/www.solypse.com\/wp-content\/uploads\/2015\/06\/LOGO_SOLYPSE_BLANC.png","width":319,"height":136,"caption":"Solypse"},"image":{"@id":"https:\/\/www.solypse.com\/#\/schema\/logo\/image\/"}}]}},"_links":{"self":[{"href":"http:\/\/www.solypse.com\/en\/wp-json\/wp\/v2\/pages\/20379","targetHints":{"allow":["GET"]}}],"collection":[{"href":"http:\/\/www.solypse.com\/en\/wp-json\/wp\/v2\/pages"}],"about":[{"href":"http:\/\/www.solypse.com\/en\/wp-json\/wp\/v2\/types\/page"}],"author":[{"embeddable":true,"href":"http:\/\/www.solypse.com\/en\/wp-json\/wp\/v2\/users\/1"}],"replies":[{"embeddable":true,"href":"http:\/\/www.solypse.com\/en\/wp-json\/wp\/v2\/comments?post=20379"}],"version-history":[{"count":16,"href":"http:\/\/www.solypse.com\/en\/wp-json\/wp\/v2\/pages\/20379\/revisions"}],"predecessor-version":[{"id":20836,"href":"http:\/\/www.solypse.com\/en\/wp-json\/wp\/v2\/pages\/20379\/revisions\/20836"}],"wp:attachment":[{"href":"http:\/\/www.solypse.com\/en\/wp-json\/wp\/v2\/media?parent=20379"}],"curies":[{"name":"wp","href":"https:\/\/api.w.org\/{rel}","templated":true}]}}