{"id":20982,"date":"2021-12-29T16:36:59","date_gmt":"2021-12-29T15:36:59","guid":{"rendered":"https:\/\/www.solypse.com\/?page_id=20982"},"modified":"2022-04-02T16:26:39","modified_gmt":"2022-04-02T14:26:39","slug":"emploi-solypse","status":"publish","type":"page","link":"http:\/\/www.solypse.com\/en\/emploi-solypse\/","title":{"rendered":"offres emploi Solypse"},"content":{"rendered":"<div data-elementor-type=\"wp-page\" data-elementor-id=\"20982\" class=\"elementor elementor-20982\" data-elementor-post-type=\"page\">\n\t\t\t\t\t\t<section class=\"elementor-section elementor-top-section elementor-element elementor-element-6011d20f elementor-section-height-min-height elementor-section-boxed elementor-section-height-default elementor-section-items-middle\" data-id=\"6011d20f\" data-element_type=\"section\" data-settings=\"{&quot;background_background&quot;:&quot;classic&quot;}\">\n\t\t\t\t\t\t\t<div class=\"elementor-background-overlay\"><\/div>\n\t\t\t\t\t\t\t<div class=\"elementor-container elementor-column-gap-default\">\n\t\t\t\t\t<div class=\"elementor-column elementor-col-100 elementor-top-column elementor-element elementor-element-5f3693d1\" data-id=\"5f3693d1\" data-element_type=\"column\">\n\t\t\t<div class=\"elementor-widget-wrap elementor-element-populated\">\n\t\t\t\t\t\t<div class=\"elementor-element elementor-element-70824eea elementor-widget elementor-widget-heading\" data-id=\"70824eea\" data-element_type=\"widget\" data-widget_type=\"heading.default\">\n\t\t\t\t<div class=\"elementor-widget-container\">\n\t\t\t\t\t<h3 class=\"elementor-heading-title elementor-size-default\">offres d'emploi solypse<\/h3>\t\t\t\t<\/div>\n\t\t\t\t<\/div>\n\t\t\t\t<div class=\"elementor-element elementor-element-4551657e elementor-widget elementor-widget-heading\" data-id=\"4551657e\" data-element_type=\"widget\" data-widget_type=\"heading.default\">\n\t\t\t\t<div class=\"elementor-widget-container\">\n\t\t\t\t\t<h1 class=\"elementor-heading-title elementor-size-default\">Envie de rejoindre  notre <b>communaut\u00e9 ?<\/b><\/h1>\t\t\t\t<\/div>\n\t\t\t\t<\/div>\n\t\t\t\t<div class=\"elementor-element elementor-element-1d4f0839 elementor-align-center elementor-widget elementor-widget-button\" data-id=\"1d4f0839\" data-element_type=\"widget\" data-widget_type=\"button.default\">\n\t\t\t\t<div class=\"elementor-widget-container\">\n\t\t\t\t\t\t\t\t\t<div class=\"elementor-button-wrapper\">\n\t\t\t\t\t<a class=\"elementor-button elementor-button-link elementor-size-sm elementor-animation-float\" href=\"#courses\">\n\t\t\t\t\t\t<span class=\"elementor-button-content-wrapper\">\n\t\t\t\t\t\t<span class=\"elementor-button-icon\">\n\t\t\t\t<svg xmlns=\"http:\/\/www.w3.org\/2000\/svg\" id=\"bb64cb4a-5cee-426f-944d-5ba66396baf0\" data-name=\"Layer 1\" width=\"8\" height=\"13\" viewbox=\"0 0 8 13\"><title>arrow-icon-down<\/title><path d=\"M7.894,8.8227a.386.386,0,0,0-.5415-.0012L4.3763,11.7386V.3735A.3678.3678,0,0,0,4.189.05.3837.3837,0,0,0,3.81.05a.3678.3678,0,0,0-.1873.3233V11.7386L.6469,8.8227a.3829.3829,0,0,0-.5332-.0092A.3613.3613,0,0,0,0,9.0766a.3825.3825,0,0,0,.1125.2679l3.62,3.5476a.3835.3835,0,0,0,.5332,0L7.8848,9.3453A.3631.3631,0,0,0,8,9.086L8,9.08A.3638.3638,0,0,0,7.894,8.8227Z\"><\/path><\/svg>\t\t\t<\/span>\n\t\t\t\t\t\t\t\t\t<span class=\"elementor-button-text\">D\u00e9couvrez nos postes<\/span>\n\t\t\t\t\t<\/span>\n\t\t\t\t\t<\/a>\n\t\t\t\t<\/div>\n\t\t\t\t\t\t\t\t<\/div>\n\t\t\t\t<\/div>\n\t\t\t\t\t<\/div>\n\t\t<\/div>\n\t\t\t\t\t<\/div>\n\t\t<\/section>\n\t\t\t\t<section class=\"elementor-section elementor-top-section elementor-element elementor-element-552d9f01 elementor-section-boxed elementor-section-height-default elementor-section-height-default\" data-id=\"552d9f01\" data-element_type=\"section\">\n\t\t\t\t\t\t<div class=\"elementor-container elementor-column-gap-default\">\n\t\t\t\t\t<div class=\"elementor-column elementor-col-100 elementor-top-column elementor-element elementor-element-3b270ff1\" data-id=\"3b270ff1\" data-element_type=\"column\">\n\t\t\t<div class=\"elementor-widget-wrap elementor-element-populated\">\n\t\t\t\t\t\t<div class=\"elementor-element elementor-element-2d1690af elementor-widget elementor-widget-menu-anchor\" data-id=\"2d1690af\" data-element_type=\"widget\" data-widget_type=\"menu-anchor.default\">\n\t\t\t\t<div class=\"elementor-widget-container\">\n\t\t\t\t\t\t\t<div class=\"elementor-menu-anchor\" id=\"courses\"><\/div>\n\t\t\t\t\t\t<\/div>\n\t\t\t\t<\/div>\n\t\t\t\t<section class=\"elementor-section elementor-inner-section elementor-element elementor-element-427933d6 elementor-section-full_width elementor-section-height-default elementor-section-height-default\" data-id=\"427933d6\" data-element_type=\"section\">\n\t\t\t\t\t\t<div class=\"elementor-container elementor-column-gap-default\">\n\t\t\t\t\t<div class=\"elementor-column elementor-col-50 elementor-inner-column elementor-element elementor-element-61460d35\" data-id=\"61460d35\" data-element_type=\"column\">\n\t\t\t<div class=\"elementor-widget-wrap elementor-element-populated\">\n\t\t\t\t\t\t<div class=\"elementor-element elementor-element-14046cc9 elementor-widget__width-auto elementor-widget elementor-widget-heading\" data-id=\"14046cc9\" data-element_type=\"widget\" data-widget_type=\"heading.default\">\n\t\t\t\t<div class=\"elementor-widget-container\">\n\t\t\t\t\t<h2 class=\"elementor-heading-title elementor-size-default\">apps<\/h2>\t\t\t\t<\/div>\n\t\t\t\t<\/div>\n\t\t\t\t<div class=\"elementor-element elementor-element-17cdecdb elementor-flip-box--effect-fade elementor-widget elementor-widget-flip-box\" data-id=\"17cdecdb\" data-element_type=\"widget\" data-widget_type=\"flip-box.default\">\n\t\t\t\t<div class=\"elementor-widget-container\">\n\t\t\t\t\t\t\t<div class=\"elementor-flip-box\" tabindex=\"0\">\n\t\t\t<div class=\"elementor-flip-box__layer elementor-flip-box__front\">\n\t\t\t\t<div class=\"elementor-flip-box__layer__overlay\">\n\t\t\t\t\t<div class=\"elementor-flip-box__layer__inner\">\n\t\t\t\t\t\t\n\t\t\t\t\t\t\t\t\t\t\t\t\t<h3 class=\"elementor-flip-box__layer__title\">\n\t\t\t\t\t\t\t\ting\u00e9nieur innovation num\u00e9rique\t\t\t\t\t\t\t<\/h3>\n\t\t\t\t\t\t\n\t\t\t\t\t\t\t\t\t\t\t\t\t<div class=\"elementor-flip-box__layer__description\">\n\t\t\t\t\t\t\t\tImaginez et concevez des solutions num\u00e9riques \u00e0 haute valeur ajout\u00e9e. \t\t\t\t\t\t\t<\/div>\n\t\t\t\t\t\t\t\t\t\t\t<\/div>\n\t\t\t\t<\/div>\n\t\t\t<\/div>\n\t\t\t<a class=\"elementor-flip-box__layer elementor-flip-box__back\" href=\"https:\/\/www.solypse.com\/en\/emploi-solypse\/ingenieur-innovation-numerique\/\">\n\t\t\t<div class=\"elementor-flip-box__layer__overlay\">\n\t\t\t\t<div class=\"elementor-flip-box__layer__inner\">\n\t\t\t\t\t\t\t\t\t\t\t<h3 class=\"elementor-flip-box__layer__title\">\n\t\t\t\t\t\t\ting\u00e9nieur innovation num\u00e9rique\t\t\t\t\t\t<\/h3>\n\t\t\t\t\t\n\t\t\t\t\t\t\t\t\t\t\t<div class=\"elementor-flip-box__layer__description\">\n\t\t\t\t\t\t\tImaginez et concevez des solutions num\u00e9riques \u00e0 haute valeur ajout\u00e9e. \t\t\t\t\t\t<\/div>\n\t\t\t\t\t\n\t\t\t\t\t\t\t\t\t\t\t<span class=\"elementor-flip-box__button elementor-button elementor-size-sm\">\n\t\t\t\t\t\t\tVoir l'annonce\t\t\t\t\t\t<\/span>\n\t\t\t\t\t\t\t\t<\/div>\n\t\t<\/div>\n\t\t<\/a>\n\t\t<\/div>\n\t\t\t\t\t\t<\/div>\n\t\t\t\t<\/div>\n\t\t\t\t\t<\/div>\n\t\t<\/div>\n\t\t\t\t<div class=\"elementor-column elementor-col-50 elementor-inner-column elementor-element elementor-element-1040c142\" data-id=\"1040c142\" data-element_type=\"column\">\n\t\t\t<div class=\"elementor-widget-wrap elementor-element-populated\">\n\t\t\t\t\t\t<div class=\"elementor-element elementor-element-f2ee3e elementor-widget__width-auto elementor-widget elementor-widget-heading\" data-id=\"f2ee3e\" data-element_type=\"widget\" data-widget_type=\"heading.default\">\n\t\t\t\t<div class=\"elementor-widget-container\">\n\t\t\t\t\t<h2 class=\"elementor-heading-title elementor-size-default\">data<\/h2>\t\t\t\t<\/div>\n\t\t\t\t<\/div>\n\t\t\t\t<div class=\"elementor-element elementor-element-31ec9609 elementor-flip-box--effect-fade elementor-widget elementor-widget-flip-box\" data-id=\"31ec9609\" data-element_type=\"widget\" data-widget_type=\"flip-box.default\">\n\t\t\t\t<div class=\"elementor-widget-container\">\n\t\t\t\t\t\t\t<div class=\"elementor-flip-box\" tabindex=\"0\">\n\t\t\t<div class=\"elementor-flip-box__layer elementor-flip-box__front\">\n\t\t\t\t<div class=\"elementor-flip-box__layer__overlay\">\n\t\t\t\t\t<div class=\"elementor-flip-box__layer__inner\">\n\t\t\t\t\t\t\n\t\t\t\t\t\t\t\t\t\t\t\t\t<h3 class=\"elementor-flip-box__layer__title\">\n\t\t\t\t\t\t\t\tingenieur data &amp; process mining\t\t\t\t\t\t\t<\/h3>\n\t\t\t\t\t\t\n\t\t\t\t\t\t\t\t\t\t\t\t\t<div class=\"elementor-flip-box__layer__description\">\n\t\t\t\t\t\t\t\tAidez les entreprises et les organisations \u00e0 mieux valoriser leurs donn\u00e9es.\t\t\t\t\t\t\t<\/div>\n\t\t\t\t\t\t\t\t\t\t\t<\/div>\n\t\t\t\t<\/div>\n\t\t\t<\/div>\n\t\t\t<a class=\"elementor-flip-box__layer elementor-flip-box__back\" href=\"https:\/\/www.solypse.com\/en\/emploi-solypse\/ingenieur-process-mining\/\">\n\t\t\t<div class=\"elementor-flip-box__layer__overlay\">\n\t\t\t\t<div class=\"elementor-flip-box__layer__inner\">\n\t\t\t\t\t\t\t\t\t\t\t<h3 class=\"elementor-flip-box__layer__title\">\n\t\t\t\t\t\t\tIng\u00e9nieur data &amp; process mining\t\t\t\t\t\t<\/h3>\n\t\t\t\t\t\n\t\t\t\t\t\t\t\t\t\t\t<div class=\"elementor-flip-box__layer__description\">\n\t\t\t\t\t\t\tAidez les entreprises et les organisations \u00e0 mieux valoriser leurs donn\u00e9es.\t\t\t\t\t\t<\/div>\n\t\t\t\t\t\n\t\t\t\t\t\t\t\t\t\t\t<span class=\"elementor-flip-box__button elementor-button elementor-size-sm\">\n\t\t\t\t\t\t\tvoir l'annonce\t\t\t\t\t\t<\/span>\n\t\t\t\t\t\t\t\t<\/div>\n\t\t<\/div>\n\t\t<\/a>\n\t\t<\/div>\n\t\t\t\t\t\t<\/div>\n\t\t\t\t<\/div>\n\t\t\t\t\t<\/div>\n\t\t<\/div>\n\t\t\t\t\t<\/div>\n\t\t<\/section>\n\t\t\t\t\t<\/div>\n\t\t<\/div>\n\t\t\t\t\t<\/div>\n\t\t<\/section>\n\t\t\t\t<section class=\"elementor-section elementor-top-section elementor-element elementor-element-2308088e elementor-section-boxed elementor-section-height-default elementor-section-height-default\" data-id=\"2308088e\" data-element_type=\"section\">\n\t\t\t\t\t\t<div class=\"elementor-container elementor-column-gap-default\">\n\t\t\t\t\t<div class=\"elementor-column elementor-col-100 elementor-top-column elementor-element elementor-element-2ba06fd3\" data-id=\"2ba06fd3\" data-element_type=\"column\">\n\t\t\t<div class=\"elementor-widget-wrap elementor-element-populated\">\n\t\t\t\t\t\t<section class=\"elementor-section elementor-inner-section elementor-element elementor-element-48d628f7 elementor-section-boxed elementor-section-height-default elementor-section-height-default\" data-id=\"48d628f7\" data-element_type=\"section\">\n\t\t\t\t\t\t<div class=\"elementor-container elementor-column-gap-default\">\n\t\t\t\t\t<div class=\"elementor-column elementor-col-100 elementor-inner-column elementor-element elementor-element-b1d88a3\" data-id=\"b1d88a3\" data-element_type=\"column\">\n\t\t\t<div class=\"elementor-widget-wrap elementor-element-populated\">\n\t\t\t\t\t\t<div class=\"elementor-element elementor-element-4941154 elementor-widget elementor-widget-heading\" data-id=\"4941154\" data-element_type=\"widget\" data-widget_type=\"heading.default\">\n\t\t\t\t<div class=\"elementor-widget-container\">\n\t\t\t\t\t<h3 class=\"elementor-heading-title elementor-size-default\">pourquoi rejoindre <b>solypse ?<\/b><\/h3>\t\t\t\t<\/div>\n\t\t\t\t<\/div>\n\t\t\t\t<div class=\"elementor-element elementor-element-93b0915 elementor-widget elementor-widget-heading\" data-id=\"93b0915\" data-element_type=\"widget\" data-widget_type=\"heading.default\">\n\t\t\t\t<div class=\"elementor-widget-container\">\n\t\t\t\t\t<h2 class=\"elementor-heading-title elementor-size-default\">D\u00e9velopper son expertise personnelle et un savoir collectif <b> pour \u00eatre utile aux autres<\/b><\/h2>\t\t\t\t<\/div>\n\t\t\t\t<\/div>\n\t\t\t\t\t<\/div>\n\t\t<\/div>\n\t\t\t\t\t<\/div>\n\t\t<\/section>\n\t\t\t\t\t<\/div>\n\t\t<\/div>\n\t\t\t\t\t<\/div>\n\t\t<\/section>\n\t\t\t\t<section class=\"elementor-section elementor-top-section elementor-element elementor-element-1d07ab1 elementor-section-boxed elementor-section-height-default elementor-section-height-default\" data-id=\"1d07ab1\" data-element_type=\"section\">\n\t\t\t\t\t\t<div class=\"elementor-container elementor-column-gap-default\">\n\t\t\t\t\t<div class=\"elementor-column elementor-col-100 elementor-top-column elementor-element elementor-element-9deb3d1\" data-id=\"9deb3d1\" data-element_type=\"column\">\n\t\t\t<div class=\"elementor-widget-wrap elementor-element-populated\">\n\t\t\t\t\t\t<div class=\"elementor-element elementor-element-47e3d18 elementor-widget elementor-widget-spacer\" data-id=\"47e3d18\" data-element_type=\"widget\" data-widget_type=\"spacer.default\">\n\t\t\t\t<div class=\"elementor-widget-container\">\n\t\t\t\t\t\t\t<div class=\"elementor-spacer\">\n\t\t\t<div class=\"elementor-spacer-inner\"><\/div>\n\t\t<\/div>\n\t\t\t\t\t\t<\/div>\n\t\t\t\t<\/div>\n\t\t\t\t\t<\/div>\n\t\t<\/div>\n\t\t\t\t\t<\/div>\n\t\t<\/section>\n\t\t\t\t<\/div>","protected":false},"excerpt":{"rendered":"<p>offres d&#8217;emploi solypse Envie de rejoindre notre communaut\u00e9 ? arrow-icon-down D\u00e9couvrez nos postes apps ing\u00e9nieur innovation num\u00e9rique Imaginez et concevez des solutions num\u00e9riques \u00e0 haute valeur ajout\u00e9e. ing\u00e9nieur innovation num\u00e9rique Imaginez et concevez des solutions num\u00e9riques \u00e0 haute valeur ajout\u00e9e. Voir l&rsquo;annonce data ingenieur data &amp; process mining Aidez les entreprises et les organisations \u00e0 [&hellip;]<\/p>","protected":false},"author":1,"featured_media":0,"parent":0,"menu_order":0,"comment_status":"closed","ping_status":"closed","template":"elementor_header_footer","meta":{"footnotes":""},"class_list":["post-20982","page","type-page","status-publish","hentry"],"yoast_head":"<!-- This site is optimized with the Yoast SEO plugin v26.0 - https:\/\/yoast.com\/wordpress\/plugins\/seo\/ -->\n<title>offres emploi Solypse - Solypse<\/title>\n<meta name=\"description\" content=\"Retrouvez ici toutes les opportunit\u00e9s permettant de rejoindre notre collectif de consultants et d&#039;ing\u00e9nieurs du num\u00e9rique.\" \/>\n<meta name=\"robots\" content=\"index, follow, max-snippet:-1, max-image-preview:large, max-video-preview:-1\" \/>\n<link rel=\"canonical\" href=\"https:\/\/www.solypse.com\/en\/emploi-solypse\/\" \/>\n<meta property=\"og:locale\" content=\"en_US\" \/>\n<meta property=\"og:type\" content=\"article\" \/>\n<meta property=\"og:title\" content=\"offres emploi Solypse - Solypse\" \/>\n<meta property=\"og:description\" content=\"Retrouvez ici toutes les opportunit\u00e9s permettant de rejoindre notre collectif de consultants et d&#039;ing\u00e9nieurs du num\u00e9rique.\" \/>\n<meta property=\"og:url\" content=\"https:\/\/www.solypse.com\/en\/emploi-solypse\/\" \/>\n<meta property=\"og:site_name\" content=\"Solypse\" \/>\n<meta property=\"article:modified_time\" content=\"2022-04-02T14:26:39+00:00\" \/>\n<meta name=\"twitter:card\" content=\"summary_large_image\" \/>\n<meta name=\"twitter:label1\" content=\"Est. reading time\" \/>\n\t<meta name=\"twitter:data1\" content=\"1 minute\" \/>\n<script type=\"application\/ld+json\" class=\"yoast-schema-graph\">{\"@context\":\"https:\/\/schema.org\",\"@graph\":[{\"@type\":\"WebPage\",\"@id\":\"https:\/\/www.solypse.com\/emploi-solypse\/\",\"url\":\"https:\/\/www.solypse.com\/emploi-solypse\/\",\"name\":\"offres emploi Solypse - Solypse\",\"isPartOf\":{\"@id\":\"https:\/\/www.solypse.com\/#website\"},\"datePublished\":\"2021-12-29T15:36:59+00:00\",\"dateModified\":\"2022-04-02T14:26:39+00:00\",\"description\":\"Retrouvez ici toutes les opportunit\u00e9s permettant de rejoindre notre collectif de consultants et d'ing\u00e9nieurs du num\u00e9rique.\",\"breadcrumb\":{\"@id\":\"https:\/\/www.solypse.com\/emploi-solypse\/#breadcrumb\"},\"inLanguage\":\"en-US\",\"potentialAction\":[{\"@type\":\"ReadAction\",\"target\":[\"https:\/\/www.solypse.com\/emploi-solypse\/\"]}]},{\"@type\":\"BreadcrumbList\",\"@id\":\"https:\/\/www.solypse.com\/emploi-solypse\/#breadcrumb\",\"itemListElement\":[{\"@type\":\"ListItem\",\"position\":1,\"name\":\"Home\",\"item\":\"https:\/\/www.solypse.com\/\"},{\"@type\":\"ListItem\",\"position\":2,\"name\":\"offres emploi Solypse\"}]},{\"@type\":\"WebSite\",\"@id\":\"https:\/\/www.solypse.com\/#website\",\"url\":\"https:\/\/www.solypse.com\/\",\"name\":\"Solypse\",\"description\":\"Architecting growth through technology\",\"publisher\":{\"@id\":\"https:\/\/www.solypse.com\/#organization\"},\"potentialAction\":[{\"@type\":\"SearchAction\",\"target\":{\"@type\":\"EntryPoint\",\"urlTemplate\":\"https:\/\/www.solypse.com\/?s={search_term_string}\"},\"query-input\":{\"@type\":\"PropertyValueSpecification\",\"valueRequired\":true,\"valueName\":\"search_term_string\"}}],\"inLanguage\":\"en-US\"},{\"@type\":\"Organization\",\"@id\":\"https:\/\/www.solypse.com\/#organization\",\"name\":\"Solypse\",\"url\":\"https:\/\/www.solypse.com\/\",\"logo\":{\"@type\":\"ImageObject\",\"inLanguage\":\"en-US\",\"@id\":\"https:\/\/www.solypse.com\/#\/schema\/logo\/image\/\",\"url\":\"https:\/\/www.solypse.com\/wp-content\/uploads\/2015\/06\/LOGO_SOLYPSE_BLANC.png\",\"contentUrl\":\"https:\/\/www.solypse.com\/wp-content\/uploads\/2015\/06\/LOGO_SOLYPSE_BLANC.png\",\"width\":319,\"height\":136,\"caption\":\"Solypse\"},\"image\":{\"@id\":\"https:\/\/www.solypse.com\/#\/schema\/logo\/image\/\"}}]}<\/script>\n<!-- \/ Yoast SEO plugin. -->","yoast_head_json":{"title":"offres emploi Solypse - Solypse","description":"Retrouvez ici toutes les opportunit\u00e9s permettant de rejoindre notre collectif de consultants et d'ing\u00e9nieurs du num\u00e9rique.","robots":{"index":"index","follow":"follow","max-snippet":"max-snippet:-1","max-image-preview":"max-image-preview:large","max-video-preview":"max-video-preview:-1"},"canonical":"https:\/\/www.solypse.com\/en\/emploi-solypse\/","og_locale":"en_US","og_type":"article","og_title":"offres emploi Solypse - Solypse","og_description":"Retrouvez ici toutes les opportunit\u00e9s permettant de rejoindre notre collectif de consultants et d'ing\u00e9nieurs du num\u00e9rique.","og_url":"https:\/\/www.solypse.com\/en\/emploi-solypse\/","og_site_name":"Solypse","article_modified_time":"2022-04-02T14:26:39+00:00","twitter_card":"summary_large_image","twitter_misc":{"Est. reading time":"1 minute"},"schema":{"@context":"https:\/\/schema.org","@graph":[{"@type":"WebPage","@id":"https:\/\/www.solypse.com\/emploi-solypse\/","url":"https:\/\/www.solypse.com\/emploi-solypse\/","name":"offres emploi Solypse - Solypse","isPartOf":{"@id":"https:\/\/www.solypse.com\/#website"},"datePublished":"2021-12-29T15:36:59+00:00","dateModified":"2022-04-02T14:26:39+00:00","description":"Retrouvez ici toutes les opportunit\u00e9s permettant de rejoindre notre collectif de consultants et d'ing\u00e9nieurs du num\u00e9rique.","breadcrumb":{"@id":"https:\/\/www.solypse.com\/emploi-solypse\/#breadcrumb"},"inLanguage":"en-US","potentialAction":[{"@type":"ReadAction","target":["https:\/\/www.solypse.com\/emploi-solypse\/"]}]},{"@type":"BreadcrumbList","@id":"https:\/\/www.solypse.com\/emploi-solypse\/#breadcrumb","itemListElement":[{"@type":"ListItem","position":1,"name":"Home","item":"https:\/\/www.solypse.com\/"},{"@type":"ListItem","position":2,"name":"offres emploi Solypse"}]},{"@type":"WebSite","@id":"https:\/\/www.solypse.com\/#website","url":"https:\/\/www.solypse.com\/","name":"Solypse","description":"Architecting growth through technology","publisher":{"@id":"https:\/\/www.solypse.com\/#organization"},"potentialAction":[{"@type":"SearchAction","target":{"@type":"EntryPoint","urlTemplate":"https:\/\/www.solypse.com\/?s={search_term_string}"},"query-input":{"@type":"PropertyValueSpecification","valueRequired":true,"valueName":"search_term_string"}}],"inLanguage":"en-US"},{"@type":"Organization","@id":"https:\/\/www.solypse.com\/#organization","name":"Solypse","url":"https:\/\/www.solypse.com\/","logo":{"@type":"ImageObject","inLanguage":"en-US","@id":"https:\/\/www.solypse.com\/#\/schema\/logo\/image\/","url":"https:\/\/www.solypse.com\/wp-content\/uploads\/2015\/06\/LOGO_SOLYPSE_BLANC.png","contentUrl":"https:\/\/www.solypse.com\/wp-content\/uploads\/2015\/06\/LOGO_SOLYPSE_BLANC.png","width":319,"height":136,"caption":"Solypse"},"image":{"@id":"https:\/\/www.solypse.com\/#\/schema\/logo\/image\/"}}]}},"_links":{"self":[{"href":"http:\/\/www.solypse.com\/en\/wp-json\/wp\/v2\/pages\/20982","targetHints":{"allow":["GET"]}}],"collection":[{"href":"http:\/\/www.solypse.com\/en\/wp-json\/wp\/v2\/pages"}],"about":[{"href":"http:\/\/www.solypse.com\/en\/wp-json\/wp\/v2\/types\/page"}],"author":[{"embeddable":true,"href":"http:\/\/www.solypse.com\/en\/wp-json\/wp\/v2\/users\/1"}],"replies":[{"embeddable":true,"href":"http:\/\/www.solypse.com\/en\/wp-json\/wp\/v2\/comments?post=20982"}],"version-history":[{"count":22,"href":"http:\/\/www.solypse.com\/en\/wp-json\/wp\/v2\/pages\/20982\/revisions"}],"predecessor-version":[{"id":23160,"href":"http:\/\/www.solypse.com\/en\/wp-json\/wp\/v2\/pages\/20982\/revisions\/23160"}],"wp:attachment":[{"href":"http:\/\/www.solypse.com\/en\/wp-json\/wp\/v2\/media?parent=20982"}],"curies":[{"name":"wp","href":"https:\/\/api.w.org\/{rel}","templated":true}]}}